{"id":2225,"date":"2024-11-13T17:54:45","date_gmt":"2024-11-13T17:54:45","guid":{"rendered":"https:\/\/timtierneyottawa.ca\/?page_id=2225"},"modified":"2024-11-13T17:54:45","modified_gmt":"2024-11-13T17:54:45","slug":"ressources","status":"publish","type":"page","link":"https:\/\/timtierneyottawa.ca\/?page_id=2225&lang=fr","title":{"rendered":"Ressources +"},"content":{"rendered":"<p>Vous trouverez ci-dessous Ressources +. Il s\u2019agit de sujets d\u2019actualit\u00e9, de FAQ et d\u2019informations sur les ressources. Celui-ci sera compl\u00e9t\u00e9 r\u00e9guli\u00e8rement.<\/p>\n<style type='text\/css' media='all'>#rt-tpg-container-999116656 .rt-holder .rt-woo-info .price{color:#0367bf;}body .rt-tpg-container .rt-tpg-isotope-buttons .selected,\n\t\t\t\t\t#rt-tpg-container-999116656 .layout12 .rt-holder:hover .rt-detail,\n\t\t\t\t\t#rt-tpg-container-999116656 .isotope8 .rt-holder:hover .rt-detail,\n\t\t\t\t\t#rt-tpg-container-999116656 .carousel8 .rt-holder:hover .rt-detail,\n\t\t\t\t\t#rt-tpg-container-999116656 .layout13 .rt-holder .overlay .post-info,\n\t\t\t\t\t#rt-tpg-container-999116656 .isotope9 .rt-holder .overlay .post-info,\n\t\t\t\t\t#rt-tpg-container-999116656.rt-tpg-container .layout4 .rt-holder .rt-detail,\n\t\t\t\t\t.rt-modal-999116656 .md-content,\n\t\t\t\t\t.rt-modal-999116656 .md-content > .rt-md-content-holder .rt-md-content,\n\t\t\t\t\t.rt-popup-wrap-999116656.rt-popup-wrap .rt-popup-navigation-wrap,\n\t\t\t\t\t#rt-tpg-container-999116656 .carousel9 .rt-holder .overlay .post-info{background-color:#0367bf;}#rt-tpg-container-999116656 .layout5 .rt-holder .overlay, #rt-tpg-container-999116656 .isotope2 .rt-holder .overlay, #rt-tpg-container-999116656 .carousel2 .rt-holder .overlay,#rt-tpg-container-999116656 .layout15 .rt-holder h3, #rt-tpg-container-999116656 .isotope11 .rt-holder h3, #rt-tpg-container-999116656 .carousel11 .rt-holder h3, #rt-tpg-container-999116656 .layout16 .rt-holder h3,\n\t\t\t\t\t#rt-tpg-container-999116656 .isotope12 .rt-holder h3, #rt-tpg-container-999116656 .carousel12 .rt-holder h3 {background-color:rgba(3,103,191,0.1);}#rt-tpg-container-999116656 .layout11 .rt-holder {box-shadow : 0px 0px 2px 0px #ffffff;}#rt-tpg-container-999116656 .read-more a{border-radius:px;}#rt-tpg-container-999116656 .rt-holder, #rt-tpg-container-999116656 .rt-holder .rt-detail,#rt-tpg-container-999116656 .rt-post-overlay .post-img + .post-content {background-color:#ffffff;}#rt-tpg-container-999116656 .rt-holder {border-color:#ffffff;}#rt-tpg-container-999116656 .tpg-widget-heading-wrapper {margin:0px 0px 0px 0px;}#rt-tpg-container-999116656 .rt-img-holder img.rt-img-responsive,#rt-tpg-container-999116656 .rt-img-holder,\n\t\t\t\t\t#rt-tpg-container-999116656 .rt-post-overlay .post-img,\n\t\t\t\t\t#rt-tpg-container-999116656 .post-sm .post-img,\n\t\t\t\t\t#rt-tpg-container-999116656 .rt-post-grid .post-img,\n\t\t\t\t\t#rt-tpg-container-999116656 .post-img img {border-radius:px;}#rt-tpg-container-999116656 .layout11 .rt-holder h2.entry-title,\n\t\t\t\t\t#rt-tpg-container-999116656 .layout11 .rt-holder h3.entry-title,\n\t\t\t\t\t#rt-tpg-container-999116656 .layout11 .rt-holder h4.entry-title,\n\t\t\t\t\t#rt-tpg-container-999116656 .layout11 .rt-holder h2.entry-title a,\n\t\t\t\t\t#rt-tpg-container-999116656 .layout11 .rt-holder h3.entry-title a,\n\t\t\t\t\t#rt-tpg-container-999116656 .layout11 .rt-holder h4.entry-title a,\n\t\t\t\t\t#rt-tpg-container-999116656 .rt-holder .rt-woo-info h2 a,\n\t\t\t\t\t#rt-tpg-container-999116656 .rt-holder .rt-woo-info h3 a,\n\t\t\t\t\t#rt-tpg-container-999116656 .rt-holder .rt-woo-info h4 a,\n\t\t\t\t\t#rt-tpg-container-999116656 .post-content .post-title,\n\t\t\t\t\t#rt-tpg-container-999116656 .rt-post-grid .post-title,\n\t\t\t\t\t#rt-tpg-container-999116656 .rt-post-grid .post-title a,\n\t\t\t\t\t#rt-tpg-container-999116656 .post-content .post-title a,\n\t\t\t\t\t#rt-tpg-container-999116656 .rt-holder .rt-woo-info h2,\n\t\t\t\t\t#rt-tpg-container-999116656 .rt-holder .rt-woo-info h3,\n\t\t\t\t\t#rt-tpg-container-999116656 .rt-holder .rt-woo-info h4{color:#1e73be;font-size:24px;line-height:34px;font-weight:bold;}#rt-tpg-container-999116656 .post-grid-lg-style-1 .post-title,\n\t\t\t\t\t\t#rt-tpg-container-999116656 .post-grid-lg-style-1 .post-title a,\n\t\t\t\t\t\t#rt-tpg-container-999116656 .big-layout .post-title,\n\t\t\t\t\t\t#rt-tpg-container-999116656 .big-layout .post-title a,\n\t\t\t\t\t\t#rt-tpg-container-999116656 .post-grid-lg-style-1 .post-title,\n\t\t\t\t\t\t#rt-tpg-container-999116656 .post-grid-lg-style-1 .post-title a {font-size:32px;line-height:42px;}#rt-tpg-container-999116656 .layout11 .rt-holder .tpg-excerpt,#rt-tpg-container-999116656 .layout11 .tpg-excerpt,#rt-tpg-container-999116656 .layout11 .rt-holder .post-content,#rt-tpg-container-999116656 .rt-holder .rt-woo-info p,#rt-tpg-container-999116656 .post-content p {font-size:22px;font-weight:normal;}<\/style><div class='rt-container-fluid rt-tpg-container tpg-shortcode-main-wrapper ' id='rt-tpg-container-999116656'   data-layout='layout11' data-grid-style='even' data-desktop-col='2'  data-tab-col='2'  data-mobile-col='1' data-sc-id='2137'><div data-title='Loading ...' class='rt-row rt-content-loader   layout11 tpg-even '><div class=\"rt-col-md-6 rt-col-sm-6 rt-col-xs-12 even-grid-item rt-grid-item\" data-id=\"2085\"><div class=\"rt-holder\"><h3 class=\"entry-title\"><a data-id=\"2085\" class=\"\" href=\"https:\/\/timtierneyottawa.ca\/?p=2085\">Waste<\/a><\/h3><div class='rt-img-holder'><a data-id='2085' class='' href='https:\/\/timtierneyottawa.ca\/?p=2085'><img loading=\"lazy\" decoding=\"async\" width=\"620\" height=\"320\" src=\"https:\/\/timtierneyottawa.ca\/wp-content\/uploads\/2024\/10\/Cascades-Material-Recycling-Facility-103-1.jpg\" class=\"rt-img-responsive \" alt=\"\" \/><\/a><\/div><div class='rt-detail'><p>Solid Waste Management in Ottawa: A Collaborative Approach February 18th Update from the Environment Committee:...<\/p><div class='post-meta '><span class='read-more'><a data-id='2085' class='' href='https:\/\/timtierneyottawa.ca\/?p=2085'>Read More<\/a><\/span><\/div><\/div><\/div><\/div><div class=\"rt-col-md-6 rt-col-sm-6 rt-col-xs-12 even-grid-item rt-grid-item\" data-id=\"2108\"><div class=\"rt-holder\"><h3 class=\"entry-title\"><a data-id=\"2108\" class=\"\" href=\"https:\/\/timtierneyottawa.ca\/?p=2108\">Traffic<\/a><\/h3><div class='rt-img-holder'><a data-id='2108' class='' href='https:\/\/timtierneyottawa.ca\/?p=2108'><img loading=\"lazy\" decoding=\"async\" width=\"360\" height=\"260\" src=\"https:\/\/timtierneyottawa.ca\/wp-content\/uploads\/2017\/11\/traffic.jpg\" class=\"rt-img-responsive \" alt=\"\" \/><\/a><\/div><div class='rt-detail'><p>As your City Councillor, I genuinely care about making our streets safer for everyone. Traffic...<\/p><div class='post-meta '><span class='read-more'><a data-id='2108' class='' href='https:\/\/timtierneyottawa.ca\/?p=2108'>Read More<\/a><\/span><\/div><\/div><\/div><\/div><div class=\"rt-col-md-6 rt-col-sm-6 rt-col-xs-12 even-grid-item rt-grid-item\" data-id=\"3333\"><div class=\"rt-holder\"><h3 class=\"entry-title\"><a data-id=\"3333\" class=\"\" href=\"https:\/\/timtierneyottawa.ca\/?p=3333\">Ticks<\/a><\/h3><div class='rt-img-holder'><a data-id='3333' class='' href='https:\/\/timtierneyottawa.ca\/?p=3333'><img loading=\"lazy\" decoding=\"async\" width=\"800\" height=\"754\" src=\"https:\/\/timtierneyottawa.ca\/wp-content\/uploads\/2025\/07\/bcbcb4dd-908f-4b2d-965b-2a7c14301d0a.jpg\" class=\"rt-img-responsive \" alt=\"\" \/><\/a><\/div><div class='rt-detail'><p>Learn how to protect yourself and your family from Lyme disease and West Nile virus...<\/p><div class='post-meta '><span class='read-more'><a data-id='3333' class='' href='https:\/\/timtierneyottawa.ca\/?p=3333'>Read More<\/a><\/span><\/div><\/div><\/div><\/div><div class=\"rt-col-md-6 rt-col-sm-6 rt-col-xs-12 even-grid-item rt-grid-item\" data-id=\"2088\"><div class=\"rt-holder\"><h3 class=\"entry-title\"><a data-id=\"2088\" class=\"\" href=\"https:\/\/timtierneyottawa.ca\/?p=2088\">Seniors<\/a><\/h3><div class='rt-img-holder'><a data-id='2088' class='' href='https:\/\/timtierneyottawa.ca\/?p=2088'><img loading=\"lazy\" decoding=\"async\" width=\"1536\" height=\"1095\" src=\"https:\/\/timtierneyottawa.ca\/wp-content\/uploads\/2024\/08\/438298849_10168782582415451_8353387114172899227_n-e1730212051780.jpg\" class=\"rt-img-responsive \" alt=\"\" \/><\/a><\/div><div class='rt-detail'><p>This page provides information about local services for our 50+ gang, from housing and healthcare...<\/p><div class='post-meta '><span class='read-more'><a data-id='2088' class='' href='https:\/\/timtierneyottawa.ca\/?p=2088'>Read More<\/a><\/span><\/div><\/div><\/div><\/div><div class=\"rt-col-md-6 rt-col-sm-6 rt-col-xs-12 even-grid-item rt-grid-item\" data-id=\"2091\"><div class=\"rt-holder\"><h3 class=\"entry-title\"><a data-id=\"2091\" class=\"\" href=\"https:\/\/timtierneyottawa.ca\/?p=2091\">Rats<\/a><\/h3><div class='rt-img-holder'><a data-id='2091' class='' href='https:\/\/timtierneyottawa.ca\/?p=2091'><img loading=\"lazy\" decoding=\"async\" width=\"1024\" height=\"576\" src=\"https:\/\/timtierneyottawa.ca\/wp-content\/uploads\/2024\/07\/stock-photo-close-up-of-wild-brown-rat-in-water.jpg\" class=\"rt-img-responsive \" alt=\"\" \/><\/a><\/div><div class='rt-detail'><p>This page provides information on the rat issue in our community, including how to report...<\/p><div class='post-meta '><span class='read-more'><a data-id='2091' class='' href='https:\/\/timtierneyottawa.ca\/?p=2091'>Read More<\/a><\/span><\/div><\/div><\/div><\/div><div class=\"rt-col-md-6 rt-col-sm-6 rt-col-xs-12 even-grid-item rt-grid-item\" data-id=\"3599\"><div class=\"rt-holder\"><h3 class=\"entry-title\"><a data-id=\"3599\" class=\"\" href=\"https:\/\/timtierneyottawa.ca\/?p=3599\">New Zoning By-law<\/a><\/h3><div class='rt-img-holder'><a data-id='3599' class='' href='https:\/\/timtierneyottawa.ca\/?p=3599'><img loading=\"lazy\" decoding=\"async\" width=\"493\" height=\"350\" src=\"https:\/\/timtierneyottawa.ca\/wp-content\/uploads\/2025\/09\/zoning.png\" class=\"rt-img-responsive \" alt=\"\" \/><\/a><\/div><div class='rt-detail'><p>The final draft of the proposed new Zoning By-law was released to the public on...<\/p><div class='post-meta '><span class='read-more'><a data-id='3599' class='' href='https:\/\/timtierneyottawa.ca\/?p=3599'>Read More<\/a><\/span><\/div><\/div><\/div><\/div><div class=\"rt-col-md-6 rt-col-sm-6 rt-col-xs-12 even-grid-item rt-grid-item\" data-id=\"2814\"><div class=\"rt-holder\"><h3 class=\"entry-title\"><a data-id=\"2814\" class=\"\" href=\"https:\/\/timtierneyottawa.ca\/?p=2814\">Find the Perfect Location for Your Business with Locate Ottawa<\/a><\/h3><div class='rt-img-holder'><a data-id='2814' class='' href='https:\/\/timtierneyottawa.ca\/?p=2814'><img loading=\"lazy\" decoding=\"async\" width=\"1300\" height=\"672\" src=\"https:\/\/timtierneyottawa.ca\/wp-content\/uploads\/2025\/03\/locateottawa.png\" class=\"rt-img-responsive \" alt=\"\" \/><\/a><\/div><div class='rt-detail'><p>Locate Ottawa is an interactive online tool that helps entrepreneurs and real estate professionals find...<\/p><div class='post-meta '><span class='read-more'><a data-id='2814' class='' href='https:\/\/timtierneyottawa.ca\/?p=2814'>Read More<\/a><\/span><\/div><\/div><\/div><\/div><div class=\"rt-col-md-6 rt-col-sm-6 rt-col-xs-12 even-grid-item rt-grid-item\" data-id=\"2096\"><div class=\"rt-holder\"><h3 class=\"entry-title\"><a data-id=\"2096\" class=\"\" href=\"https:\/\/timtierneyottawa.ca\/?p=2096\">Community Safety and Policing<\/a><\/h3><div class='rt-img-holder'><a data-id='2096' class='' href='https:\/\/timtierneyottawa.ca\/?p=2096'><img loading=\"lazy\" decoding=\"async\" width=\"2560\" height=\"1920\" src=\"https:\/\/timtierneyottawa.ca\/wp-content\/uploads\/2024\/10\/IMG_2788-scaled.jpg\" class=\"rt-img-responsive \" alt=\"\" \/><\/a><\/div><div class='rt-detail'><p>This page provides essential information on how to recognize and protect against various scams targeting...<\/p><div class='post-meta '><span class='read-more'><a data-id='2096' class='' href='https:\/\/timtierneyottawa.ca\/?p=2096'>Read More<\/a><\/span><\/div><\/div><\/div><\/div><\/div><\/div>\n","protected":false},"excerpt":{"rendered":"<p>Vous trouverez ci-dessous Ressources +. Il s\u2019agit de sujets d\u2019actualit\u00e9, de FAQ et d\u2019informations sur les ressources. Celui-ci sera compl\u00e9t\u00e9 r\u00e9guli\u00e8rement.<\/p>\n","protected":false},"author":1,"featured_media":0,"parent":0,"menu_order":0,"comment_status":"closed","ping_status":"closed","template":"","meta":{"give_campaign_id":0,"_monsterinsights_skip_tracking":false,"_monsterinsights_sitenote_active":false,"_monsterinsights_sitenote_note":"","_monsterinsights_sitenote_category":0,"footnotes":""},"class_list":["post-2225","page","type-page","status-publish","hentry"],"aioseo_notices":[],"campaignId":"","rttpg_featured_image_url":null,"rttpg_author":{"display_name":"admin","author_link":"https:\/\/timtierneyottawa.ca\/?author=1"},"rttpg_comment":0,"rttpg_category":"","rttpg_excerpt":"Vous trouverez ci-dessous Ressources +. Il s\u2019agit de sujets d\u2019actualit\u00e9, de FAQ et d\u2019informations sur les ressources. Celui-ci sera compl\u00e9t\u00e9 r\u00e9guli\u00e8rement.","_links":{"self":[{"href":"https:\/\/timtierneyottawa.ca\/index.php?rest_route=\/wp\/v2\/pages\/2225","targetHints":{"allow":["GET"]}}],"collection":[{"href":"https:\/\/timtierneyottawa.ca\/index.php?rest_route=\/wp\/v2\/pages"}],"about":[{"href":"https:\/\/timtierneyottawa.ca\/index.php?rest_route=\/wp\/v2\/types\/page"}],"author":[{"embeddable":true,"href":"https:\/\/timtierneyottawa.ca\/index.php?rest_route=\/wp\/v2\/users\/1"}],"replies":[{"embeddable":true,"href":"https:\/\/timtierneyottawa.ca\/index.php?rest_route=%2Fwp%2Fv2%2Fcomments&post=2225"}],"version-history":[{"count":0,"href":"https:\/\/timtierneyottawa.ca\/index.php?rest_route=\/wp\/v2\/pages\/2225\/revisions"}],"wp:attachment":[{"href":"https:\/\/timtierneyottawa.ca\/index.php?rest_route=%2Fwp%2Fv2%2Fmedia&parent=2225"}],"curies":[{"name":"wp","href":"https:\/\/api.w.org\/{rel}","templated":true}]}}